{"id":7,"date":"2026-03-23T09:27:34","date_gmt":"2026-03-23T09:27:34","guid":{"rendered":"https:\/\/supportera2.support4u.se\/?page_id=7"},"modified":"2026-03-23T15:34:56","modified_gmt":"2026-03-23T15:34:56","slug":"start","status":"publish","type":"page","link":"https:\/\/supportera2.support4u.se\/","title":{"rendered":"Teknik som fungerar s\u00e5 att verksamheten h\u00e4nger ihop"},"content":{"rendered":"\n<div class=\"wp-block-group hero hero--split is-layout-flow wp-block-group-is-layout-flow\">\n<div class=\"wp-block-group container hero__inner is-layout-grid wp-container-core-group-is-layout-26d8ba09 wp-block-group-is-layout-grid\">\n<div class=\"wp-block-group hero__content is-layout-constrained wp-block-group-is-layout-constrained\">\n<p class=\"hero__eyebrow\">Teknik, support och utveckling f\u00f6r verksamhetskritiska milj\u00f6er<\/p>\n\n\n\n<h1 class=\"wp-block-heading\">Fungerande teknik<\/h1>\n\n\n\n<p class=\"hero__lead\">Inom v\u00e5rd och h\u00e4lsa st\u00e4lls h\u00f6ga krav p\u00e5 tillg\u00e4nglighet, informationss\u00e4kerhet och anv\u00e4ndbarhet. Vi hj\u00e4lper organisationer att bygga, f\u00f6rb\u00e4ttra och f\u00f6rvalta l\u00f6sningar som fungerar \u00f6ver tid och skapa nytta.<\/p>\n\n\n\n<div class=\"wp-block-buttons hero__actions is-layout-flex wp-block-buttons-is-layout-flex\">\n\n\n<div class=\"wp-block-button\"><a class=\"wp-block-button__link wp-element-button\" href=\"\/index.php\/tjanster\/\">Se v\u00e5ra tj\u00e4nster<\/a><\/div>\n<\/div>\n<\/div>\n\n\n\n<aside class=\"wp-block-group hero-panel is-layout-constrained wp-block-group-is-layout-constrained\">\n<p class=\"hero-panel__label\">Fokusomr\u00e5den<\/p>\n\n\n\n<ul class=\"wp-block-list hero-panel__list\">\n<li>IT-support och f\u00f6rvaltning<\/li>\n\n\n\n<li>Infrastruktur och drift<\/li>\n\n\n\n<li>Digital utveckling<\/li>\n\n\n\n<li>Informationss\u00e4kerhet<\/li>\n<\/ul>\n<\/aside>\n<\/div>\n<\/div>\n\n\n\n<div class=\"wp-block-group section trust-strip is-layout-flow wp-block-group-is-layout-flow\">\n<div class=\"wp-block-group container trust-strip__inner is-content-justification-space-between is-nowrap is-layout-flex wp-container-core-group-is-layout-cb46ffcb wp-block-group-is-layout-flex\">\n<p>Tydlig onboarding<\/p>\n\n\n\n<p>Snabba svarstider<\/p>\n\n\n\n<p>Proaktiv drift<\/p>\n\n\n\n<p>Nordisk n\u00e4rvaro<\/p>\n<\/div>\n<\/div>\n\n\n\n<div class=\"wp-block-group section section--soft is-layout-flow wp-block-group-is-layout-flow\">\n<div class=\"wp-block-group container is-layout-flow wp-block-group-is-layout-flow\">\n<div class=\"wp-block-group section-heading is-layout-flow wp-block-group-is-layout-flow\">\n<p class=\"section-heading__eyebrow\">Hur vi hj\u00e4lper<\/p>\n\n\n\n<h2 class=\"wp-block-heading\">Vi st\u00e4rker er <\/h2>\n<\/div>\n\n\n\n<div class=\"wp-block-group feature-grid is-layout-grid wp-container-core-group-is-layout-c21e5e46 wp-block-group-is-layout-grid\">\n<div class=\"wp-block-group feature-card is-layout-constrained wp-block-group-is-layout-constrained\">\n<h3 class=\"wp-block-heading\">IT-support och f\u00f6rvaltning<\/h3>\n\n\n\n<p>Stabil support och tydlig f\u00f6rvaltning f\u00f6r milj\u00f6er d\u00e4r avbrott f\u00e5r direkta konsekvenser.<\/p>\n<\/div>\n\n\n\n<div class=\"wp-block-group feature-card is-layout-constrained wp-block-group-is-layout-constrained\">\n<h3 class=\"wp-block-heading\">Infrastruktur och drift<\/h3>\n\n\n\n<p>Robusta plattformar med fokus p\u00e5 s\u00e4kerhet, tillg\u00e4nglighet och h\u00e5llbar drift \u00f6ver tid.<\/p>\n<\/div>\n\n\n\n<div class=\"wp-block-group feature-card is-layout-constrained wp-block-group-is-layout-constrained\">\n<h3 class=\"wp-block-heading\">Digital utveckling<\/h3>\n\n\n\n<p>Verksamhetsn\u00e4ra utveckling av l\u00f6sningar som st\u00e4rker arbetss\u00e4tt, tillg\u00e4nglighet och kvalitet.<\/p>\n<\/div>\n\n\n\n<div class=\"wp-block-group feature-card is-layout-constrained wp-block-group-is-layout-constrained\">\n<h3 class=\"wp-block-heading\">Informationss\u00e4kerhet<\/h3>\n\n\n\n<p>Tekniska och strukturella f\u00f6rb\u00e4ttringar f\u00f6r k\u00e4nsliga milj\u00f6er med h\u00f6ga krav p\u00e5 kontroll och sp\u00e5rbarhet.<\/p>\n<\/div>\n<\/div>\n<\/div>\n<\/div>\n\n\n\n<div class=\"wp-block-group section is-layout-flow wp-block-group-is-layout-flow\">\n<div class=\"wp-block-group container story-grid is-layout-grid wp-container-core-group-is-layout-26d8ba09 wp-block-group-is-layout-grid\">\n<div class=\"wp-block-group story-grid__content prose prose--plain is-layout-constrained wp-block-group-is-layout-constrained\">\n<p class=\"section-heading__eyebrow\">Arbetss\u00e4tt<\/p>\n\n\n\n<h2 class=\"wp-block-heading\">Teknik med f\u00f6rst\u00e5else av verksamheten<\/h2>\n\n\n\n<p>F\u00f6r oss handlar modern IT inte bara om plattformar och system. Det handlar om att skapa r\u00e4tt f\u00f6ruts\u00e4ttningar f\u00f6r v\u00e5rdn\u00e4ra verksamhet, s\u00e4krare processer och b\u00e4ttre digitalt st\u00f6d f\u00f6r m\u00e4nniskor i arbete.<\/p>\n<\/div>\n\n\n\n<div class=\"wp-block-group metric-panel is-layout-constrained wp-block-group-is-layout-constrained\">\n<div class=\"wp-block-group metric-panel__item is-layout-constrained wp-block-group-is-layout-constrained\">\n<p><strong>Fokus p\u00e5 s\u00e4kerhet och stabilitet<\/strong><\/p>\n\n\n\n<p>f\u00f6r verksamheter d\u00e4r tillg\u00e4nglighet och kontroll \u00e4r avg\u00f6rande<\/p>\n<\/div>\n\n\n\n<div class=\"wp-block-group metric-panel__item is-layout-constrained wp-block-group-is-layout-constrained\">\n<p><strong>Erfarenhet av verksamhetskritisk IT<\/strong><\/p>\n\n\n\n<p>med teknik som m\u00e5ste fungera i verkligheten, inte bara p\u00e5 pappret<\/p>\n<\/div>\n\n\n\n<div class=\"wp-block-group metric-panel__item is-layout-constrained wp-block-group-is-layout-constrained\">\n<p><strong>L\u00e5ngsiktigt samarbete<\/strong><\/p>\n\n\n\n<p>med n\u00e4ra dialog, modern teknik och l\u00f6sningar anpassade till verkliga behov<\/p>\n<\/div>\n<\/div>\n<\/div>\n<\/div>\n\n\n\n<div class=\"wp-block-group section section--soft is-layout-flow wp-block-group-is-layout-flow\">\n<div class=\"wp-block-group container story-grid is-layout-grid wp-container-core-group-is-layout-26d8ba09 wp-block-group-is-layout-grid\">\n<div class=\"wp-block-group story-grid__content prose prose--plain is-layout-constrained wp-block-group-is-layout-constrained\">\n<p class=\"section-heading__eyebrow\">Om oss<\/p>\n\n\n\n<h2 class=\"wp-block-heading\">Skapar merv\u00e4rde<\/h2>\n\n\n\n<p>Supportera hj\u00e4lper leverant\u00f6rer och organisationer att lyckas med IT till att vara s\u00e4ker, stabil och anv\u00e4ndbar. Vi tror p\u00e5 smidighet, l\u00e5ngsiktighet, tydlighet och l\u00f6sningar anpassade till behoven.<\/p>\n\n\n\n<p>V\u00e5rt arbete bygger p\u00e5 att f\u00f6rst\u00e5 b\u00e5de tekniken och verksamheten. Vi fokuserar inte bara p\u00e5 system och infrastruktur, utan ocks\u00e5 p\u00e5 hur l\u00f6sningarna anv\u00e4nds i vardagen och vilket v\u00e4rde de faktiskt skapar.<\/p>\n<\/div>\n\n\n\n<div class=\"wp-block-group metric-panel is-layout-constrained wp-block-group-is-layout-constrained\">\n<div class=\"wp-block-group metric-panel__item is-layout-constrained wp-block-group-is-layout-constrained\">\n<p><strong>Support och f\u00f6rvaltning<\/strong><\/p>\n\n\n\n<p>f\u00f6r organisationer som vill ha en trygg teknisk partner \u00f6ver tid<\/p>\n<\/div>\n\n\n\n<div class=\"wp-block-group metric-panel__item is-layout-constrained wp-block-group-is-layout-constrained\">\n<p><strong>Utveckling n\u00e4ra verksamheten<\/strong><\/p>\n\n\n\n<p>d\u00e4r anv\u00e4ndbarhet, kvalitet och verklig nytta st\u00e5r i centrum<\/p>\n<\/div>\n<\/div>\n<\/div>\n<\/div>\n\n\n\n<div class=\"wp-block-group section section--accent is-layout-flow wp-block-group-is-layout-flow\">\n<div class=\"wp-block-group container cta-band is-content-justification-space-between is-layout-flex wp-container-core-group-is-layout-84f7cab9 wp-block-group-is-layout-flex\">\n<div class=\"wp-block-group is-layout-constrained wp-block-group-is-layout-constrained\">\n<p class=\"section-heading__eyebrow section-heading__eyebrow--light\">N\u00e4sta steg<\/p>\n\n\n\n<h2 class=\"wp-block-heading\">Beh\u00f6ver ni en partner?<\/h2>\n<\/div>\n\n\n\n<div class=\"wp-block-buttons is-layout-flex wp-block-buttons-is-layout-flex\">\n<div class=\"wp-block-button\"><a class=\"wp-block-button__link wp-element-button\" href=\"\/index.php\/kontakt\/\">Skicka e-post<\/a><\/div>\n<\/div>\n<\/div>\n<\/div>\n","protected":false},"excerpt":{"rendered":"<p>Supportera levererar support, drift och digital utveckling f\u00f6r verksamheter inom h\u00e4lsa och sjukv\u00e5rd. Vi kombinerar s\u00e4kerhet, stabilitet och modern teknik med f\u00f6rst\u00e5else f\u00f6r vardagen i verksamhetskritiska milj\u00f6er.<\/p>\n","protected":false},"author":0,"featured_media":8,"parent":0,"menu_order":0,"comment_status":"closed","ping_status":"closed","template":"","meta":{"footnotes":""},"class_list":["post-7","page","type-page","status-publish","has-post-thumbnail","hentry"],"_links":{"self":[{"href":"https:\/\/supportera2.support4u.se\/index.php\/wp-json\/wp\/v2\/pages\/7","targetHints":{"allow":["GET"]}}],"collection":[{"href":"https:\/\/supportera2.support4u.se\/index.php\/wp-json\/wp\/v2\/pages"}],"about":[{"href":"https:\/\/supportera2.support4u.se\/index.php\/wp-json\/wp\/v2\/types\/page"}],"replies":[{"embeddable":true,"href":"https:\/\/supportera2.support4u.se\/index.php\/wp-json\/wp\/v2\/comments?post=7"}],"version-history":[{"count":36,"href":"https:\/\/supportera2.support4u.se\/index.php\/wp-json\/wp\/v2\/pages\/7\/revisions"}],"predecessor-version":[{"id":90,"href":"https:\/\/supportera2.support4u.se\/index.php\/wp-json\/wp\/v2\/pages\/7\/revisions\/90"}],"wp:featuredmedia":[{"embeddable":true,"href":"https:\/\/supportera2.support4u.se\/index.php\/wp-json\/wp\/v2\/media\/8"}],"wp:attachment":[{"href":"https:\/\/supportera2.support4u.se\/index.php\/wp-json\/wp\/v2\/media?parent=7"}],"curies":[{"name":"wp","href":"https:\/\/api.w.org\/{rel}","templated":true}]}}