{"id":18,"date":"2026-03-23T12:06:08","date_gmt":"2026-03-23T12:06:08","guid":{"rendered":"https:\/\/supportera2.support4u.se\/?page_id=18"},"modified":"2026-03-23T14:20:21","modified_gmt":"2026-03-23T14:20:21","slug":"kontakt","status":"publish","type":"page","link":"https:\/\/supportera2.support4u.se\/index.php\/kontakt\/","title":{"rendered":"Kontakt"},"content":{"rendered":"\n<h1 class=\"wp-block-heading\">Vill ni boka ett m\u00f6te, diskutera supportbehov eller f\u00e5 hj\u00e4lp att strukturera er tekniska milj\u00f6? H\u00f6r g\u00e4rna av er.<\/h1>\n\n\n\n<ul class=\"wp-block-list\">\n<li><strong>E-post:<\/strong> <a href=\"mailto:supportera2@support4u.se\">kontakt@supportera.se<\/a><\/li>\n\n\n\n<li><strong>Bolag:<\/strong> SUPPORTera Nordic AB<\/li>\n<\/ul>\n\n\n\n<p><\/p>\n","protected":false},"excerpt":{"rendered":"<p>Vill ni boka ett m\u00f6te, diskutera supportbehov eller f\u00e5 hj\u00e4lp att strukturera er tekniska milj\u00f6? H\u00f6r g\u00e4rna av er.<\/p>\n","protected":false},"author":0,"featured_media":0,"parent":0,"menu_order":0,"comment_status":"closed","ping_status":"closed","template":"","meta":{"footnotes":""},"class_list":["post-18","page","type-page","status-publish","hentry"],"_links":{"self":[{"href":"https:\/\/supportera2.support4u.se\/index.php\/wp-json\/wp\/v2\/pages\/18","targetHints":{"allow":["GET"]}}],"collection":[{"href":"https:\/\/supportera2.support4u.se\/index.php\/wp-json\/wp\/v2\/pages"}],"about":[{"href":"https:\/\/supportera2.support4u.se\/index.php\/wp-json\/wp\/v2\/types\/page"}],"replies":[{"embeddable":true,"href":"https:\/\/supportera2.support4u.se\/index.php\/wp-json\/wp\/v2\/comments?post=18"}],"version-history":[{"count":4,"href":"https:\/\/supportera2.support4u.se\/index.php\/wp-json\/wp\/v2\/pages\/18\/revisions"}],"predecessor-version":[{"id":57,"href":"https:\/\/supportera2.support4u.se\/index.php\/wp-json\/wp\/v2\/pages\/18\/revisions\/57"}],"wp:attachment":[{"href":"https:\/\/supportera2.support4u.se\/index.php\/wp-json\/wp\/v2\/media?parent=18"}],"curies":[{"name":"wp","href":"https:\/\/api.w.org\/{rel}","templated":true}]}}