{"id":17,"date":"2026-03-23T12:06:08","date_gmt":"2026-03-23T12:06:08","guid":{"rendered":"https:\/\/supportera2.support4u.se\/?page_id=17"},"modified":"2026-03-23T15:26:35","modified_gmt":"2026-03-23T15:26:35","slug":"support","status":"publish","type":"page","link":"https:\/\/supportera2.support4u.se\/index.php\/support\/","title":{"rendered":"Support"},"content":{"rendered":"\n<h1 class=\"wp-block-heading\">Vi arbetar f\u00f6r att g\u00f6ra supporten snabb, tydlig och enkel att anv\u00e4nda.<\/h1>\n\n\n\n<ul class=\"wp-block-list\">\n<li>Anv\u00e4ndarsupport och fels\u00f6kning<\/li>\n\n\n\n<li>Hj\u00e4lp med konton, klienter och Microsoft 365<\/li>\n\n\n\n<li>Samordning av tekniska fr\u00e5gor och leverant\u00f6rer<\/li>\n\n\n\n<li>Uppf\u00f6ljning och f\u00f6rb\u00e4ttringar \u00f6ver tid<\/li>\n<\/ul>\n\n\n\n<p><strong>E-post:<\/strong> <a href=\"mailto:supportera2@support4u.se\">support@supportera.se<\/a><\/p>\n\n\n\n<p><\/p>\n","protected":false},"excerpt":{"rendered":"<p>Vi arbetar f\u00f6r att g\u00f6ra supporten snabb, tydlig och enkel att anv\u00e4nda. E-post: support@supportera.se<\/p>\n","protected":false},"author":0,"featured_media":0,"parent":0,"menu_order":0,"comment_status":"closed","ping_status":"closed","template":"","meta":{"footnotes":""},"class_list":["post-17","page","type-page","status-publish","hentry"],"_links":{"self":[{"href":"https:\/\/supportera2.support4u.se\/index.php\/wp-json\/wp\/v2\/pages\/17","targetHints":{"allow":["GET"]}}],"collection":[{"href":"https:\/\/supportera2.support4u.se\/index.php\/wp-json\/wp\/v2\/pages"}],"about":[{"href":"https:\/\/supportera2.support4u.se\/index.php\/wp-json\/wp\/v2\/types\/page"}],"replies":[{"embeddable":true,"href":"https:\/\/supportera2.support4u.se\/index.php\/wp-json\/wp\/v2\/comments?post=17"}],"version-history":[{"count":4,"href":"https:\/\/supportera2.support4u.se\/index.php\/wp-json\/wp\/v2\/pages\/17\/revisions"}],"predecessor-version":[{"id":81,"href":"https:\/\/supportera2.support4u.se\/index.php\/wp-json\/wp\/v2\/pages\/17\/revisions\/81"}],"wp:attachment":[{"href":"https:\/\/supportera2.support4u.se\/index.php\/wp-json\/wp\/v2\/media?parent=17"}],"curies":[{"name":"wp","href":"https:\/\/api.w.org\/{rel}","templated":true}]}}