{"id":16,"date":"2026-03-23T12:06:07","date_gmt":"2026-03-23T12:06:07","guid":{"rendered":"https:\/\/supportera2.support4u.se\/?page_id=16"},"modified":"2026-03-23T15:31:37","modified_gmt":"2026-03-23T15:31:37","slug":"om-oss","status":"publish","type":"page","link":"https:\/\/supportera2.support4u.se\/index.php\/om-oss\/","title":{"rendered":"Om oss"},"content":{"rendered":"\n<h1 class=\"wp-block-heading\">SUPPORTera arbetar med teknik, support och utveckling f\u00f6r verksamheter d\u00e4r kraven p\u00e5 stabilitet, s\u00e4kerhet och anv\u00e4ndbarhet \u00e4r h\u00f6ga.<\/h1>\n\n\n\n<p>Vi tror p\u00e5 n\u00e4ra dialog, tydligt ansvar och l\u00f6sningar som fungerar i vardagen. Vi kombinerar teknisk kompetens med f\u00f6rst\u00e5else f\u00f6r hur verksamheten faktiskt arbetar.<\/p>\n\n\n\n<p>V\u00e5rt m\u00e5l \u00e4r att vara en trygg partner \u00f6ver tid, inte bara vid akuta problem utan ocks\u00e5 i det l\u00e5ngsiktiga f\u00f6rb\u00e4ttringsarbetet.<\/p>\n","protected":false},"excerpt":{"rendered":"<p>SUPPORTera arbetar med teknik, support och utveckling f\u00f6r verksamheter d\u00e4r kraven p\u00e5 stabilitet, s\u00e4kerhet och anv\u00e4ndbarhet \u00e4r h\u00f6ga. Vi tror p\u00e5 n\u00e4ra dialog, tydligt ansvar och l\u00f6sningar som fungerar i vardagen. Vi kombinerar teknisk kompetens med f\u00f6rst\u00e5else f\u00f6r hur verksamheten faktiskt arbetar. V\u00e5rt m\u00e5l \u00e4r att vara en trygg partner \u00f6ver tid, inte bara vid [&hellip;]<\/p>\n","protected":false},"author":0,"featured_media":0,"parent":0,"menu_order":0,"comment_status":"closed","ping_status":"closed","template":"","meta":{"footnotes":""},"class_list":["post-16","page","type-page","status-publish","hentry"],"_links":{"self":[{"href":"https:\/\/supportera2.support4u.se\/index.php\/wp-json\/wp\/v2\/pages\/16","targetHints":{"allow":["GET"]}}],"collection":[{"href":"https:\/\/supportera2.support4u.se\/index.php\/wp-json\/wp\/v2\/pages"}],"about":[{"href":"https:\/\/supportera2.support4u.se\/index.php\/wp-json\/wp\/v2\/types\/page"}],"replies":[{"embeddable":true,"href":"https:\/\/supportera2.support4u.se\/index.php\/wp-json\/wp\/v2\/comments?post=16"}],"version-history":[{"count":5,"href":"https:\/\/supportera2.support4u.se\/index.php\/wp-json\/wp\/v2\/pages\/16\/revisions"}],"predecessor-version":[{"id":85,"href":"https:\/\/supportera2.support4u.se\/index.php\/wp-json\/wp\/v2\/pages\/16\/revisions\/85"}],"wp:attachment":[{"href":"https:\/\/supportera2.support4u.se\/index.php\/wp-json\/wp\/v2\/media?parent=16"}],"curies":[{"name":"wp","href":"https:\/\/api.w.org\/{rel}","templated":true}]}}