{"id":15,"date":"2026-03-23T12:06:07","date_gmt":"2026-03-23T12:06:07","guid":{"rendered":"https:\/\/supportera2.support4u.se\/?page_id=15"},"modified":"2026-03-23T15:30:58","modified_gmt":"2026-03-23T15:30:58","slug":"tjanster","status":"publish","type":"page","link":"https:\/\/supportera2.support4u.se\/index.php\/tjanster\/","title":{"rendered":"Tj\u00e4nster"},"content":{"rendered":"\n<h1 class=\"wp-block-heading\">Vi hj\u00e4lper verksamheter d\u00e4r teknik, tillg\u00e4nglighet och s\u00e4kerhet m\u00e5ste fungera i praktiken. V\u00e5ra tj\u00e4nster \u00e4r anpassade f\u00f6r organisationer som beh\u00f6ver en l\u00e5ngsiktig partner f\u00f6r b\u00e5de vardag och utveckling.<\/h1>\n\n\n\n<h2 class=\"wp-block-heading\">IT-support och f\u00f6rvaltning<\/h2>\n\n\n\n<p>Snabb och tydlig support f\u00f6r anv\u00e4ndare, klienter, konton och incidenter, kombinerat med strukturerad f\u00f6rvaltning \u00f6ver tid.<\/p>\n\n\n\n<h2 class=\"wp-block-heading\">Infrastruktur och drift<\/h2>\n\n\n\n<p>Stabil drift, uppf\u00f6ljning, \u00f6vervakning och f\u00f6rb\u00e4ttring av milj\u00f6er d\u00e4r tillg\u00e4nglighet \u00e4r aff\u00e4rskritisk.<\/p>\n\n\n\n<h2 class=\"wp-block-heading\">Digital utveckling<\/h2>\n\n\n\n<p>Verksamhetsn\u00e4ra utveckling av l\u00f6sningar, statistik och digitala arbetss\u00e4tt som g\u00f6r tekniken enklare att anv\u00e4nda.<\/p>\n\n\n\n<h2 class=\"wp-block-heading\">Informationss\u00e4kerhet<\/h2>\n\n\n\n<p>Praktiska och tekniska f\u00f6rb\u00e4ttringar som st\u00e4rker kontroll, sp\u00e5rbarhet och trygghet i k\u00e4nsliga milj\u00f6er.<\/p>\n\n\n\n<p><\/p>\n","protected":false},"excerpt":{"rendered":"<p>Vi hj\u00e4lper verksamheter d\u00e4r teknik, tillg\u00e4nglighet och s\u00e4kerhet m\u00e5ste fungera i praktiken. V\u00e5ra tj\u00e4nster \u00e4r anpassade f\u00f6r organisationer som beh\u00f6ver en l\u00e5ngsiktig partner f\u00f6r b\u00e5de vardag och utveckling. IT-support och f\u00f6rvaltning Snabb och tydlig support f\u00f6r anv\u00e4ndare, klienter, konton och incidenter, kombinerat med strukturerad f\u00f6rvaltning \u00f6ver tid. Infrastruktur och drift Stabil drift, uppf\u00f6ljning, \u00f6vervakning och [&hellip;]<\/p>\n","protected":false},"author":0,"featured_media":0,"parent":0,"menu_order":0,"comment_status":"closed","ping_status":"closed","template":"","meta":{"footnotes":""},"class_list":["post-15","page","type-page","status-publish","hentry"],"_links":{"self":[{"href":"https:\/\/supportera2.support4u.se\/index.php\/wp-json\/wp\/v2\/pages\/15","targetHints":{"allow":["GET"]}}],"collection":[{"href":"https:\/\/supportera2.support4u.se\/index.php\/wp-json\/wp\/v2\/pages"}],"about":[{"href":"https:\/\/supportera2.support4u.se\/index.php\/wp-json\/wp\/v2\/types\/page"}],"replies":[{"embeddable":true,"href":"https:\/\/supportera2.support4u.se\/index.php\/wp-json\/wp\/v2\/comments?post=15"}],"version-history":[{"count":5,"href":"https:\/\/supportera2.support4u.se\/index.php\/wp-json\/wp\/v2\/pages\/15\/revisions"}],"predecessor-version":[{"id":83,"href":"https:\/\/supportera2.support4u.se\/index.php\/wp-json\/wp\/v2\/pages\/15\/revisions\/83"}],"wp:attachment":[{"href":"https:\/\/supportera2.support4u.se\/index.php\/wp-json\/wp\/v2\/media?parent=15"}],"curies":[{"name":"wp","href":"https:\/\/api.w.org\/{rel}","templated":true}]}}